{"id":10,"date":"2021-02-10T21:01:20","date_gmt":"2021-02-10T21:01:20","guid":{"rendered":"http:\/\/www.invercorpsuarezpe.com\/?page_id=10"},"modified":"2021-03-09T19:56:50","modified_gmt":"2021-03-09T19:56:50","slug":"nosotros","status":"publish","type":"page","link":"https:\/\/www.invercorpsuarezpe.com\/?page_id=10","title":{"rendered":"NOSOTROS"},"content":{"rendered":"\n\n  <div class=\"banner has-hover has-parallax\" id=\"banner-1893505314\">\n          <div class=\"banner-inner fill\">\n        <div class=\"banner-bg fill\" data-parallax=\"-6\" data-parallax-container=\".banner\" data-parallax-background>\n            <div class=\"bg fill bg-fill \"><\/div>\n                        <div class=\"overlay\"><\/div>            \n                    <\/div>\n        <div class=\"banner-layers container\">\n            <div class=\"fill banner-link\"><\/div>            \n\n   <div id=\"text-box-1285730357\" class=\"text-box banner-layer x50 md-x50 lg-x50 y50 md-y50 lg-y50 res-text\">\n                                <div class=\"text dark\">\n              \n              <div class=\"text-inner text-center\">\n                  \n\n<h3 class=\"uppercase\"><strong>NOSOTROS<\/strong><\/h3>\n<p>Somos Invercorp Suarez, una empresa en Lima &#8211; Comercial con \u00e1mplia experiencia\u00a0 de venta de suministros tecnol\u00f3gicos y mantenimiento de equipos de diferentes marcas en el mercado .<\/p>\n<p>\u00a0<\/p>\n<div class=\"row\"  id=\"row-426667165\">\n\n\n\t<div id=\"col-1114030420\" class=\"col medium-6 small-12 large-6\"  >\n\t\t<div class=\"col-inner\"  >\n\t\t\t\n\t\t\t\n\n<h3>Nuestra Visi\u00f3n<\/h3>\n<p>Brindar simples soluciones de tecnolog\u00eda a integrados de alta gama a nivel nacional, seg\u00fan las necesidades requeridas por usuarios de la sociedad .<\/p>\n\n\t\t<\/div>\n\t\t\t<\/div>\n\n\t\n\n\t<div id=\"col-231852251\" class=\"col medium-10 small-12 large-10\"  >\n\t\t<div class=\"col-inner\"  >\n\t\t\t\n\t\t\t\n\n<h3>Nuestra Misi\u00f3n<\/h3>\n<p>Ofrecemos las mejores soluciones de tecnolog\u00eda en telecomunicaciones, electr\u00f3nica de seguridad de \u00faltima generaci\u00f3n a peque\u00f1as y grandes empresas, asi mismo brindarles un servicio de garant\u00eda satisfactoria seg\u00fan sus necesidades corporativos actualizados seg\u00fan las marcas.\u00a0<\/p>\n\n\t\t<\/div>\n\t\t\t<\/div>\n\n\t\n\n<\/div>\n\n              <\/div>\n           <\/div>\n                            \n<style>\n#text-box-1285730357 {\n  width: 79%;\n}\n#text-box-1285730357 .text {\n  font-size: 100%;\n}\n<\/style>\n    <\/div>\n \n\n        <\/div>\n      <\/div>\n\n            \n<style>\n#banner-1893505314 {\n  padding-top: 548px;\n}\n#banner-1893505314 .bg.bg-loaded {\n  background-image: url(https:\/\/www.invercorpsuarezpe.com\/wp-content\/uploads\/2021\/02\/unsplash8-1-of-10.jpg);\n}\n#banner-1893505314 .overlay {\n  background-color: rgba(0, 0, 0, 0.5);\n}\n#banner-1893505314 .bg {\n  background-position: 50% 72%;\n}\n<\/style>\n  <\/div>\n\n\n\n","protected":false},"excerpt":{"rendered":"","protected":false},"author":1,"featured_media":0,"parent":0,"menu_order":0,"comment_status":"closed","ping_status":"closed","template":"page-blank.php","meta":{"footnotes":""},"class_list":["post-10","page","type-page","status-publish","hentry"],"_links":{"self":[{"href":"https:\/\/www.invercorpsuarezpe.com\/index.php?rest_route=\/wp\/v2\/pages\/10","targetHints":{"allow":["GET"]}}],"collection":[{"href":"https:\/\/www.invercorpsuarezpe.com\/index.php?rest_route=\/wp\/v2\/pages"}],"about":[{"href":"https:\/\/www.invercorpsuarezpe.com\/index.php?rest_route=\/wp\/v2\/types\/page"}],"author":[{"embeddable":true,"href":"https:\/\/www.invercorpsuarezpe.com\/index.php?rest_route=\/wp\/v2\/users\/1"}],"replies":[{"embeddable":true,"href":"https:\/\/www.invercorpsuarezpe.com\/index.php?rest_route=%2Fwp%2Fv2%2Fcomments&post=10"}],"version-history":[{"count":8,"href":"https:\/\/www.invercorpsuarezpe.com\/index.php?rest_route=\/wp\/v2\/pages\/10\/revisions"}],"predecessor-version":[{"id":1173,"href":"https:\/\/www.invercorpsuarezpe.com\/index.php?rest_route=\/wp\/v2\/pages\/10\/revisions\/1173"}],"wp:attachment":[{"href":"https:\/\/www.invercorpsuarezpe.com\/index.php?rest_route=%2Fwp%2Fv2%2Fmedia&parent=10"}],"curies":[{"name":"wp","href":"https:\/\/api.w.org\/{rel}","templated":true}]}}