{"id":330,"date":"2021-02-15T23:09:28","date_gmt":"2021-02-15T23:09:28","guid":{"rendered":"http:\/\/www.invercorpsuarezpe.com\/?post_type=product&#038;p=330"},"modified":"2021-03-10T17:30:28","modified_gmt":"2021-03-10T17:30:28","slug":"telefono-ip-t19p-e2","status":"publish","type":"product","link":"https:\/\/www.invercorpsuarezpe.com\/?product=telefono-ip-t19p-e2","title":{"rendered":"Tel\u00e9fono IP \u2013 T19P E2"},"content":{"rendered":"<p>Descripci\u00f3n<\/p>\n<p>El SIP-T19P E2 es una de las \u00faltimas propuestas de Yealink para la telefon\u00eda IP de nivel b\u00e1sico que ofrece caracter\u00edsticas y rendimiento asociados con tel\u00e9fonos mucho m\u00e1s avanzados. El T19P E2 es fabricado con una selecci\u00f3n exacta de materiales de alta calidad, combinada con una gran pantalla LCD gr\u00e1fica de 132\u00d764 p\u00edxeles que proporciona una vista clara de 5 l\u00edneas, y garantiza una experiencia de usuario m\u00e1s simple con acceso a m\u00e1s informaci\u00f3n visual. Los puertos de red Dual 10\/100 Mbps con PoE integrado son ideales para un uso extendido de la red. El SIP-T19P E2 admite una sola cuenta VoIP, opciones de instalaci\u00f3n sencillas, flexibles y seguras, adem\u00e1s de IPv6 y SRTP \/ HTTPS \/ TLS, VLAN y QoS. Incluye uso de auriculares, montado en la pared y ha sido dise\u00f1ado espec\u00edficamente para la mejora de los negocios.<\/p>\n","protected":false},"excerpt":{"rendered":"<p>El SIP-T19P E2 es una de las \u00faltimas propuestas de Yealink para la telefon\u00eda IP de nivel b\u00e1sico que ofrece caracter\u00edsticas y rendimiento asociados con tel\u00e9fonos mucho m\u00e1s avanzados.<\/p>\n","protected":false},"featured_media":331,"comment_status":"open","ping_status":"closed","template":"","meta":[],"product_cat":[67,69],"product_tag":[],"class_list":{"0":"post-330","1":"product","2":"type-product","3":"status-publish","4":"has-post-thumbnail","6":"product_cat-centrales-asterisk-ip","7":"product_cat-centrales-ip-centrales-asterisk-ip","9":"first","10":"instock","11":"shipping-taxable","12":"product-type-simple"},"_links":{"self":[{"href":"https:\/\/www.invercorpsuarezpe.com\/index.php?rest_route=\/wp\/v2\/product\/330","targetHints":{"allow":["GET"]}}],"collection":[{"href":"https:\/\/www.invercorpsuarezpe.com\/index.php?rest_route=\/wp\/v2\/product"}],"about":[{"href":"https:\/\/www.invercorpsuarezpe.com\/index.php?rest_route=\/wp\/v2\/types\/product"}],"replies":[{"embeddable":true,"href":"https:\/\/www.invercorpsuarezpe.com\/index.php?rest_route=%2Fwp%2Fv2%2Fcomments&post=330"}],"wp:featuredmedia":[{"embeddable":true,"href":"https:\/\/www.invercorpsuarezpe.com\/index.php?rest_route=\/wp\/v2\/media\/331"}],"wp:attachment":[{"href":"https:\/\/www.invercorpsuarezpe.com\/index.php?rest_route=%2Fwp%2Fv2%2Fmedia&parent=330"}],"wp:term":[{"taxonomy":"product_cat","embeddable":true,"href":"https:\/\/www.invercorpsuarezpe.com\/index.php?rest_route=%2Fwp%2Fv2%2Fproduct_cat&post=330"},{"taxonomy":"product_tag","embeddable":true,"href":"https:\/\/www.invercorpsuarezpe.com\/index.php?rest_route=%2Fwp%2Fv2%2Fproduct_tag&post=330"}],"curies":[{"name":"wp","href":"https:\/\/api.w.org\/{rel}","templated":true}]}}