{"id":332,"date":"2021-02-15T23:11:05","date_gmt":"2021-02-15T23:11:05","guid":{"rendered":"http:\/\/www.invercorpsuarezpe.com\/?post_type=product&#038;p=332"},"modified":"2021-03-10T17:31:06","modified_gmt":"2021-03-10T17:31:06","slug":"telefono-ip-t21p-e2","status":"publish","type":"product","link":"https:\/\/www.invercorpsuarezpe.com\/?product=telefono-ip-t21p-e2","title":{"rendered":"Tel\u00e9fono IP \u2013 T21P E2"},"content":{"rendered":"<p>Descripci\u00f3n<\/p>\n<p>Las caracter\u00edsticas de SIP-T21PE2 como la interfaz de usuario intuitiva y una funcionalidad mejorada, hacen que sea m\u00e1s f\u00e1cil la interacci\u00f3n y maximiza la productividad. Como una soluci\u00f3n IP rentable ayuda a los usuarios en agilizar los procesos de negocio de peque\u00f1as y grandes oficinas.<\/p>\n","protected":false},"excerpt":{"rendered":"<p>Las caracter\u00edsticas de SIP-T21PE2 como la interfaz de usuario intuitiva y una funcionalidad mejorada, hacen que sea m\u00e1s f\u00e1cil la interacci\u00f3n y maximiza la productividad. Como una soluci\u00f3n IP rentable ayuda a los usuarios en agilizar los procesos de negocio de peque\u00f1as y grandes oficinas.<\/p>\n","protected":false},"featured_media":333,"comment_status":"open","ping_status":"closed","template":"","meta":[],"product_cat":[67,69],"product_tag":[],"class_list":{"0":"post-332","1":"product","2":"type-product","3":"status-publish","4":"has-post-thumbnail","6":"product_cat-centrales-asterisk-ip","7":"product_cat-centrales-ip-centrales-asterisk-ip","9":"first","10":"instock","11":"shipping-taxable","12":"product-type-simple"},"_links":{"self":[{"href":"https:\/\/www.invercorpsuarezpe.com\/index.php?rest_route=\/wp\/v2\/product\/332","targetHints":{"allow":["GET"]}}],"collection":[{"href":"https:\/\/www.invercorpsuarezpe.com\/index.php?rest_route=\/wp\/v2\/product"}],"about":[{"href":"https:\/\/www.invercorpsuarezpe.com\/index.php?rest_route=\/wp\/v2\/types\/product"}],"replies":[{"embeddable":true,"href":"https:\/\/www.invercorpsuarezpe.com\/index.php?rest_route=%2Fwp%2Fv2%2Fcomments&post=332"}],"wp:featuredmedia":[{"embeddable":true,"href":"https:\/\/www.invercorpsuarezpe.com\/index.php?rest_route=\/wp\/v2\/media\/333"}],"wp:attachment":[{"href":"https:\/\/www.invercorpsuarezpe.com\/index.php?rest_route=%2Fwp%2Fv2%2Fmedia&parent=332"}],"wp:term":[{"taxonomy":"product_cat","embeddable":true,"href":"https:\/\/www.invercorpsuarezpe.com\/index.php?rest_route=%2Fwp%2Fv2%2Fproduct_cat&post=332"},{"taxonomy":"product_tag","embeddable":true,"href":"https:\/\/www.invercorpsuarezpe.com\/index.php?rest_route=%2Fwp%2Fv2%2Fproduct_tag&post=332"}],"curies":[{"name":"wp","href":"https:\/\/api.w.org\/{rel}","templated":true}]}}