{"id":334,"date":"2021-02-15T23:16:49","date_gmt":"2021-02-15T23:16:49","guid":{"rendered":"http:\/\/www.invercorpsuarezpe.com\/?post_type=product&#038;p=334"},"modified":"2021-03-10T17:31:58","modified_gmt":"2021-03-10T17:31:58","slug":"telefono-ip-t23g","status":"publish","type":"product","link":"https:\/\/www.invercorpsuarezpe.com\/?product=telefono-ip-t23g","title":{"rendered":"Tel\u00e9fono IP \u2013 T23G"},"content":{"rendered":"<p>Especificaciones<\/p>\n<p>Las caracter\u00edsticas de SIP-T23G como la interfaz de usuario intuitiva\u00a0y una funcionalidad mejorada, hacen que sea m\u00e1s f\u00e1cil la interacci\u00f3n y maximiza la productividad. Como una soluci\u00f3n IP rentable ayuda a los usuarios en agilizar los procesos de negocio de las peque\u00f1as y grandes oficinas.<\/p>\n","protected":false},"excerpt":{"rendered":"<p>Las caracter\u00edsticas de SIP-T23G como la interfaz de usuario intuitiva\u00a0y una funcionalidad mejorada, hacen que sea m\u00e1s f\u00e1cil la interacci\u00f3n y maximiza la productividad. Como una soluci\u00f3n IP rentable ayuda a los usuarios en agilizar los procesos de negocio de las peque\u00f1as y grandes oficinas.<\/p>\n","protected":false},"featured_media":335,"comment_status":"open","ping_status":"closed","template":"","meta":[],"product_cat":[67,69],"product_tag":[],"class_list":{"0":"post-334","1":"product","2":"type-product","3":"status-publish","4":"has-post-thumbnail","6":"product_cat-centrales-asterisk-ip","7":"product_cat-centrales-ip-centrales-asterisk-ip","9":"first","10":"instock","11":"shipping-taxable","12":"product-type-simple"},"_links":{"self":[{"href":"https:\/\/www.invercorpsuarezpe.com\/index.php?rest_route=\/wp\/v2\/product\/334","targetHints":{"allow":["GET"]}}],"collection":[{"href":"https:\/\/www.invercorpsuarezpe.com\/index.php?rest_route=\/wp\/v2\/product"}],"about":[{"href":"https:\/\/www.invercorpsuarezpe.com\/index.php?rest_route=\/wp\/v2\/types\/product"}],"replies":[{"embeddable":true,"href":"https:\/\/www.invercorpsuarezpe.com\/index.php?rest_route=%2Fwp%2Fv2%2Fcomments&post=334"}],"wp:featuredmedia":[{"embeddable":true,"href":"https:\/\/www.invercorpsuarezpe.com\/index.php?rest_route=\/wp\/v2\/media\/335"}],"wp:attachment":[{"href":"https:\/\/www.invercorpsuarezpe.com\/index.php?rest_route=%2Fwp%2Fv2%2Fmedia&parent=334"}],"wp:term":[{"taxonomy":"product_cat","embeddable":true,"href":"https:\/\/www.invercorpsuarezpe.com\/index.php?rest_route=%2Fwp%2Fv2%2Fproduct_cat&post=334"},{"taxonomy":"product_tag","embeddable":true,"href":"https:\/\/www.invercorpsuarezpe.com\/index.php?rest_route=%2Fwp%2Fv2%2Fproduct_tag&post=334"}],"curies":[{"name":"wp","href":"https:\/\/api.w.org\/{rel}","templated":true}]}}