{"id":341,"date":"2021-02-15T23:44:53","date_gmt":"2021-02-15T23:44:53","guid":{"rendered":"http:\/\/www.invercorpsuarezpe.com\/?post_type=product&#038;p=341"},"modified":"2021-03-10T17:33:57","modified_gmt":"2021-03-10T17:33:57","slug":"telefono-ip-t40g","status":"publish","type":"product","link":"https:\/\/www.invercorpsuarezpe.com\/?product=telefono-ip-t40g","title":{"rendered":"Tel\u00e9fono IP \u2013 T40G"},"content":{"rendered":"<p>El dispositivo SIP-T40G de Yealink es un tel\u00e9fono SIP con abundantes caracter\u00edsticas que mejoran la interoperabilidad diaria, unificando las comunicaciones de los atareados supervisores. Dise\u00f1ado con un nuevo y revolucionario aspecto, permite un aprovisionamiento flexible y seguro (el tel\u00e9fono usa protocolos de cifrado regulados por el sector a fin de que los usuarios obtengan y realicen actualizaciones del software interna y remotamente). Este avanzado tel\u00e9fono IP posee un dise\u00f1o intuitivo ya que ha sido creado teniendo en cuenta su funcionalidad. El T40G incorpora tambi\u00e9n Gigabit Ethernet, facilitando el dinamismo de la gesti\u00f3n de llamadas y gracias a sus teclas programables, presume de m\u00faltiples caracter\u00edsticas para el aumento de la productividad, como, por ejemplo, BLF, SCA, transferencia de llamadas, etc. Adem\u00e1s, cuenta con otras caracter\u00edsticas, tales como, alimentaci\u00f3n a trav\u00e9s de Ethernet (PoE), calidad de sonido de una gran definici\u00f3n (HD) y una excelente experiencia visual con las que el tel\u00e9fono IP SIP-T40G maximizar\u00e1 su productividad personal de forma incomparable.<\/p>\n","protected":false},"excerpt":{"rendered":"<p>Yealink SIP-T40G es un tel\u00e9fono SIP que mejora la interoperabilidad diaria y unifica las comunicaciones para los colaboradores de las diferentes empresas. Dise\u00f1ado con una nueva apariencia, admite aprovisionamiento flexible y seguro (el tel\u00e9fono utiliza protocolos de cifrado est\u00e1ndar de la industria para que los usuarios aprovisionan y realicen actualizaciones de software tanto interna como remotamente).<\/p>\n","protected":false},"featured_media":342,"comment_status":"open","ping_status":"closed","template":"","meta":[],"product_cat":[67,69],"product_tag":[],"class_list":{"0":"post-341","1":"product","2":"type-product","3":"status-publish","4":"has-post-thumbnail","6":"product_cat-centrales-asterisk-ip","7":"product_cat-centrales-ip-centrales-asterisk-ip","9":"first","10":"instock","11":"shipping-taxable","12":"product-type-simple"},"_links":{"self":[{"href":"https:\/\/www.invercorpsuarezpe.com\/index.php?rest_route=\/wp\/v2\/product\/341","targetHints":{"allow":["GET"]}}],"collection":[{"href":"https:\/\/www.invercorpsuarezpe.com\/index.php?rest_route=\/wp\/v2\/product"}],"about":[{"href":"https:\/\/www.invercorpsuarezpe.com\/index.php?rest_route=\/wp\/v2\/types\/product"}],"replies":[{"embeddable":true,"href":"https:\/\/www.invercorpsuarezpe.com\/index.php?rest_route=%2Fwp%2Fv2%2Fcomments&post=341"}],"wp:featuredmedia":[{"embeddable":true,"href":"https:\/\/www.invercorpsuarezpe.com\/index.php?rest_route=\/wp\/v2\/media\/342"}],"wp:attachment":[{"href":"https:\/\/www.invercorpsuarezpe.com\/index.php?rest_route=%2Fwp%2Fv2%2Fmedia&parent=341"}],"wp:term":[{"taxonomy":"product_cat","embeddable":true,"href":"https:\/\/www.invercorpsuarezpe.com\/index.php?rest_route=%2Fwp%2Fv2%2Fproduct_cat&post=341"},{"taxonomy":"product_tag","embeddable":true,"href":"https:\/\/www.invercorpsuarezpe.com\/index.php?rest_route=%2Fwp%2Fv2%2Fproduct_tag&post=341"}],"curies":[{"name":"wp","href":"https:\/\/api.w.org\/{rel}","templated":true}]}}