{"id":343,"date":"2021-02-15T23:51:49","date_gmt":"2021-02-15T23:51:49","guid":{"rendered":"http:\/\/www.invercorpsuarezpe.com\/?post_type=product&#038;p=343"},"modified":"2021-03-10T17:34:50","modified_gmt":"2021-03-10T17:34:50","slug":"telefono-ip-t41s","status":"publish","type":"product","link":"https:\/\/www.invercorpsuarezpe.com\/?product=telefono-ip-t41s","title":{"rendered":"Tel\u00e9fono IP \u2013 T41S"},"content":{"rendered":"<p>El SIP-T41S es una herramienta empresarial rica en funciones para comunicaciones superiores y funcionalidad extendida. Ofrece una interfaz m\u00e1s r\u00e1pida y m\u00e1s receptiva que el T41P y varias funciones que mejoran el rendimiento. Es un tel\u00e9fono IP de seis l\u00edneas que viene con teclas programables integradas para mejorar la productividad. El SIP-T41S con tecnolog\u00eda Yealink Optima HD Voice y c\u00f3dec de banda ancha de Opus ofrece una excelente calidad de audio y comunicaciones de voz cristalinas. Con un puerto USB completamente nuevo, el SIP-T41S cuenta con una funcionalidad incomparable y capacidad de expansi\u00f3n con funciones de grabaci\u00f3n Bluetooth, Wi-Fi y USB. La nueva serie T4S de Yealink ofrece la misma apariencia elegante de la l\u00ednea T4, pero con mejoras para una mayor interoperabilidad y colaboraci\u00f3n.<\/p>\n","protected":false},"excerpt":{"rendered":"<p>El SIP-T41S es una herramienta empresarial con una interfaz m\u00e1s r\u00e1pida y m\u00e1s receptiva que el T41P, es un tel\u00e9fono IP de seis l\u00edneas que viene con teclas programables incorporadas para mejorar la productividad. El SIP-T41S con tecnolog\u00eda de voz en HD y c\u00f3dec de banda ancha de Opus ofrece una excelente calidad de audio.<\/p>\n","protected":false},"featured_media":344,"comment_status":"open","ping_status":"closed","template":"","meta":[],"product_cat":[67,69],"product_tag":[],"class_list":{"0":"post-343","1":"product","2":"type-product","3":"status-publish","4":"has-post-thumbnail","6":"product_cat-centrales-asterisk-ip","7":"product_cat-centrales-ip-centrales-asterisk-ip","9":"first","10":"instock","11":"shipping-taxable","12":"product-type-simple"},"_links":{"self":[{"href":"https:\/\/www.invercorpsuarezpe.com\/index.php?rest_route=\/wp\/v2\/product\/343","targetHints":{"allow":["GET"]}}],"collection":[{"href":"https:\/\/www.invercorpsuarezpe.com\/index.php?rest_route=\/wp\/v2\/product"}],"about":[{"href":"https:\/\/www.invercorpsuarezpe.com\/index.php?rest_route=\/wp\/v2\/types\/product"}],"replies":[{"embeddable":true,"href":"https:\/\/www.invercorpsuarezpe.com\/index.php?rest_route=%2Fwp%2Fv2%2Fcomments&post=343"}],"wp:featuredmedia":[{"embeddable":true,"href":"https:\/\/www.invercorpsuarezpe.com\/index.php?rest_route=\/wp\/v2\/media\/344"}],"wp:attachment":[{"href":"https:\/\/www.invercorpsuarezpe.com\/index.php?rest_route=%2Fwp%2Fv2%2Fmedia&parent=343"}],"wp:term":[{"taxonomy":"product_cat","embeddable":true,"href":"https:\/\/www.invercorpsuarezpe.com\/index.php?rest_route=%2Fwp%2Fv2%2Fproduct_cat&post=343"},{"taxonomy":"product_tag","embeddable":true,"href":"https:\/\/www.invercorpsuarezpe.com\/index.php?rest_route=%2Fwp%2Fv2%2Fproduct_tag&post=343"}],"curies":[{"name":"wp","href":"https:\/\/api.w.org\/{rel}","templated":true}]}}