{"id":347,"date":"2021-02-15T23:57:26","date_gmt":"2021-02-15T23:57:26","guid":{"rendered":"http:\/\/www.invercorpsuarezpe.com\/?post_type=product&#038;p=347"},"modified":"2021-03-10T17:37:18","modified_gmt":"2021-03-10T17:37:18","slug":"telefono-ip-t43u","status":"publish","type":"product","link":"https:\/\/www.invercorpsuarezpe.com\/?product=telefono-ip-t43u","title":{"rendered":"Tel\u00e9fono IP \u2013 T43U"},"content":{"rendered":"<p>El IP tel\u00e9fono SIP-T43U es una herramienta de negocios con un gran n\u00famero de funciones para comunicaciones excelentes y funcionalidad extendida. Es un IP tel\u00e9fono de 12 l\u00edneas que viene con una gran pantalla en blanco y negro de 3.7 pulgadas y la compatibilidad con EXP43.<\/p>\n<p>Con la tecnolog\u00eda de Optima Voz HD de Yealink y el c\u00f3dec de banda ancha de Opus, el T43U le otorgan una calidad de audio excelente y comunicaciones de voz n\u00edtidas.<\/p>\n<p>El tel\u00e9fono se siente m\u00e1s r\u00e1pido y m\u00e1s sensible cuando se realiza las funciones de llamada. Adem\u00e1s, el T43U pone dos puertos USB en un tel\u00e9fono, lo cual hace reales Bluetooth, Wi-Fi, auriculares USB y grabaci\u00f3n USB, y se puede usar cualquiera de ellos libremente seg\u00fan sus necesidades. La nueva serie T4U de Yealink ofrece la misma apariencia elegante que la l\u00ednea T4, pero con mejoras para una mayor interoperabilidad y una mejor colaboraci\u00f3n.<\/p>\n","protected":false},"excerpt":{"rendered":"<p>El IP tel\u00e9fono SIP-T43U es una herramienta de negocios con un gran n\u00famero de funciones para comunicaciones excelentes y funcionalidad extendida.<\/p>\n","protected":false},"featured_media":348,"comment_status":"open","ping_status":"closed","template":"","meta":[],"product_cat":[67,69],"product_tag":[],"class_list":{"0":"post-347","1":"product","2":"type-product","3":"status-publish","4":"has-post-thumbnail","6":"product_cat-centrales-asterisk-ip","7":"product_cat-centrales-ip-centrales-asterisk-ip","9":"first","10":"instock","11":"shipping-taxable","12":"product-type-simple"},"_links":{"self":[{"href":"https:\/\/www.invercorpsuarezpe.com\/index.php?rest_route=\/wp\/v2\/product\/347","targetHints":{"allow":["GET"]}}],"collection":[{"href":"https:\/\/www.invercorpsuarezpe.com\/index.php?rest_route=\/wp\/v2\/product"}],"about":[{"href":"https:\/\/www.invercorpsuarezpe.com\/index.php?rest_route=\/wp\/v2\/types\/product"}],"replies":[{"embeddable":true,"href":"https:\/\/www.invercorpsuarezpe.com\/index.php?rest_route=%2Fwp%2Fv2%2Fcomments&post=347"}],"wp:featuredmedia":[{"embeddable":true,"href":"https:\/\/www.invercorpsuarezpe.com\/index.php?rest_route=\/wp\/v2\/media\/348"}],"wp:attachment":[{"href":"https:\/\/www.invercorpsuarezpe.com\/index.php?rest_route=%2Fwp%2Fv2%2Fmedia&parent=347"}],"wp:term":[{"taxonomy":"product_cat","embeddable":true,"href":"https:\/\/www.invercorpsuarezpe.com\/index.php?rest_route=%2Fwp%2Fv2%2Fproduct_cat&post=347"},{"taxonomy":"product_tag","embeddable":true,"href":"https:\/\/www.invercorpsuarezpe.com\/index.php?rest_route=%2Fwp%2Fv2%2Fproduct_tag&post=347"}],"curies":[{"name":"wp","href":"https:\/\/api.w.org\/{rel}","templated":true}]}}