{"id":349,"date":"2021-02-15T23:58:44","date_gmt":"2021-02-15T23:58:44","guid":{"rendered":"http:\/\/www.invercorpsuarezpe.com\/?post_type=product&#038;p=349"},"modified":"2021-03-10T17:37:53","modified_gmt":"2021-03-10T17:37:53","slug":"telefono-ip-t46s","status":"publish","type":"product","link":"https:\/\/www.invercorpsuarezpe.com\/?product=telefono-ip-t46s","title":{"rendered":"Tel\u00e9fono IP \u2013 T46S"},"content":{"rendered":"<p>El tel\u00e9fono IP SIP-T46S es la herramienta de comunicaci\u00f3n definitiva para ejecutivos y profesionales ocupados. Adem\u00e1s de ofrecer un mejor rendimiento general que el T46G, este dispositivo tiene una interfaz m\u00e1s r\u00e1pida con una pantalla a color TFT de alta resoluci\u00f3n. Construido con la tecnolog\u00eda Yealink Optima HD y el c\u00f3dec de banda ancha de Opus, este dispositivo permite comunicaciones cristalinas. El SIP-T46S tambi\u00e9n est\u00e1 construido con tecnolog\u00eda Gigabit Ethernet, para un manejo r\u00e1pido de llamadas y uso con accesorios como un Dongle USB Bluetooth y un Dongle USB Wi-Fi. La nueva serie T4S ofrece la misma apariencia elegante de la l\u00ednea T4, pero con mejoras para una mayor interoperabilidad y colaboraci\u00f3n.<\/p>\n","protected":false},"excerpt":{"rendered":"<p>El tel\u00e9fono IP SIP-T46S es la herramienta de comunicaci\u00f3n para ejecutivos y profesionales de diferentes verticales de negocio, este dispositivo tiene una interfaz m\u00e1s r\u00e1pida con una pantalla a color TFT de alta resoluci\u00f3n. Construido con la tecnolog\u00eda Yealink Optima HD y el c\u00f3dec de banda ancha de Opus, este dispositivo permite comunicaciones m\u00e1s eficientes.<\/p>\n","protected":false},"featured_media":350,"comment_status":"open","ping_status":"closed","template":"","meta":[],"product_cat":[67,69],"product_tag":[],"class_list":{"0":"post-349","1":"product","2":"type-product","3":"status-publish","4":"has-post-thumbnail","6":"product_cat-centrales-asterisk-ip","7":"product_cat-centrales-ip-centrales-asterisk-ip","9":"first","10":"instock","11":"shipping-taxable","12":"product-type-simple"},"_links":{"self":[{"href":"https:\/\/www.invercorpsuarezpe.com\/index.php?rest_route=\/wp\/v2\/product\/349","targetHints":{"allow":["GET"]}}],"collection":[{"href":"https:\/\/www.invercorpsuarezpe.com\/index.php?rest_route=\/wp\/v2\/product"}],"about":[{"href":"https:\/\/www.invercorpsuarezpe.com\/index.php?rest_route=\/wp\/v2\/types\/product"}],"replies":[{"embeddable":true,"href":"https:\/\/www.invercorpsuarezpe.com\/index.php?rest_route=%2Fwp%2Fv2%2Fcomments&post=349"}],"wp:featuredmedia":[{"embeddable":true,"href":"https:\/\/www.invercorpsuarezpe.com\/index.php?rest_route=\/wp\/v2\/media\/350"}],"wp:attachment":[{"href":"https:\/\/www.invercorpsuarezpe.com\/index.php?rest_route=%2Fwp%2Fv2%2Fmedia&parent=349"}],"wp:term":[{"taxonomy":"product_cat","embeddable":true,"href":"https:\/\/www.invercorpsuarezpe.com\/index.php?rest_route=%2Fwp%2Fv2%2Fproduct_cat&post=349"},{"taxonomy":"product_tag","embeddable":true,"href":"https:\/\/www.invercorpsuarezpe.com\/index.php?rest_route=%2Fwp%2Fv2%2Fproduct_tag&post=349"}],"curies":[{"name":"wp","href":"https:\/\/api.w.org\/{rel}","templated":true}]}}