{"id":351,"date":"2021-02-16T00:00:34","date_gmt":"2021-02-16T00:00:34","guid":{"rendered":"http:\/\/www.invercorpsuarezpe.com\/?post_type=product&#038;p=351"},"modified":"2021-03-10T17:38:27","modified_gmt":"2021-03-10T17:38:27","slug":"telefono-ip-t46u","status":"publish","type":"product","link":"https:\/\/www.invercorpsuarezpe.com\/?product=telefono-ip-t46u","title":{"rendered":"Tel\u00e9fono IP \u2013 T46U"},"content":{"rendered":"<p>Dise\u00f1ado para ejecutivos ocupados y profesionales, el IP tel\u00e9fono SIP-T46U es una herramienta de comunicaci\u00f3n definitiva que tiene el mejor rendimiento general. El tel\u00e9fono emplea una atractiva pantalla en color de alta resoluci\u00f3n de TFT que lo hace m\u00e1s brillante y vibrante. Con la tecnolog\u00eda de Optima Voz HD y el c\u00f3dec de banda ancha de Opus, el T46U le otorgan la excelente calidad de audio y las comunicaciones de voz n\u00edtidas. Adem\u00e1s, el T46U pone dos puertos USB en un tel\u00e9fono, lo cual hace reales Bluetooth, Wi-Fi, auriculares USB y grabaci\u00f3n USB, y puede usar cualquiera de ellos libremente seg\u00fan sus necesidades. La nueva serie T4U de Yealink ofrece la misma apariencia elegante que la l\u00ednea T4, pero con mejoras para una mayor interoperabilidad y una mejor colaboraci\u00f3n.<\/p>\n","protected":false},"excerpt":{"rendered":"<p>El tel\u00e9fono SIP-T46U es una herramienta de comunicaci\u00f3n que tiene el mejor rendimiento, la soluci\u00f3n emplea una pantalla en color de alta resoluci\u00f3n con la tecnolog\u00eda de Optima Voz HD y el c\u00f3dec de banda ancha de Opus, el T46U le otorgan la excelente calidad de audio y las comunicaciones de voz n\u00edtidas.<\/p>\n","protected":false},"featured_media":352,"comment_status":"open","ping_status":"closed","template":"","meta":[],"product_cat":[67,69],"product_tag":[],"class_list":{"0":"post-351","1":"product","2":"type-product","3":"status-publish","4":"has-post-thumbnail","6":"product_cat-centrales-asterisk-ip","7":"product_cat-centrales-ip-centrales-asterisk-ip","9":"first","10":"instock","11":"shipping-taxable","12":"product-type-simple"},"_links":{"self":[{"href":"https:\/\/www.invercorpsuarezpe.com\/index.php?rest_route=\/wp\/v2\/product\/351","targetHints":{"allow":["GET"]}}],"collection":[{"href":"https:\/\/www.invercorpsuarezpe.com\/index.php?rest_route=\/wp\/v2\/product"}],"about":[{"href":"https:\/\/www.invercorpsuarezpe.com\/index.php?rest_route=\/wp\/v2\/types\/product"}],"replies":[{"embeddable":true,"href":"https:\/\/www.invercorpsuarezpe.com\/index.php?rest_route=%2Fwp%2Fv2%2Fcomments&post=351"}],"wp:featuredmedia":[{"embeddable":true,"href":"https:\/\/www.invercorpsuarezpe.com\/index.php?rest_route=\/wp\/v2\/media\/352"}],"wp:attachment":[{"href":"https:\/\/www.invercorpsuarezpe.com\/index.php?rest_route=%2Fwp%2Fv2%2Fmedia&parent=351"}],"wp:term":[{"taxonomy":"product_cat","embeddable":true,"href":"https:\/\/www.invercorpsuarezpe.com\/index.php?rest_route=%2Fwp%2Fv2%2Fproduct_cat&post=351"},{"taxonomy":"product_tag","embeddable":true,"href":"https:\/\/www.invercorpsuarezpe.com\/index.php?rest_route=%2Fwp%2Fv2%2Fproduct_tag&post=351"}],"curies":[{"name":"wp","href":"https:\/\/api.w.org\/{rel}","templated":true}]}}