{"id":360,"date":"2021-02-16T00:08:18","date_gmt":"2021-02-16T00:08:18","guid":{"rendered":"http:\/\/www.invercorpsuarezpe.com\/?post_type=product&#038;p=360"},"modified":"2021-03-10T17:47:00","modified_gmt":"2021-03-10T17:47:00","slug":"telefono-ip-t56a","status":"publish","type":"product","link":"https:\/\/www.invercorpsuarezpe.com\/?product=telefono-ip-t56a","title":{"rendered":"Tel\u00e9fono IP \u2013 T56A"},"content":{"rendered":"<p>El Yealink SIP-T56A es un tel\u00e9fono multimedia inteligente f\u00e1cil de usar que proporciona una experiencia de audio HD enriquecida para profesionales de negocios.<\/p>\n<p>Este nuevo tel\u00e9fono inteligente multimedia permite una comunicaci\u00f3n visual que mejora la productividad con la facilidad de un tel\u00e9fono est\u00e1ndar. Basado en el sistema operativo Android 5.1.1, el SIP-T56A presenta una pantalla t\u00e1ctil multipunto fija de siete pulgadas, Wi-Fi integrado y Bluetooth 4.0+ EDR, y se combina con un navegador web incorporado, calendario, grabador y m\u00e1s, que tambi\u00e9n admiten la instalaci\u00f3n de aplicaciones de terceros para la personalizaci\u00f3n empresarial.<\/p>\n<p>La serie de tel\u00e9fonos inteligentes multimedia SIP-T5 de Yealink logra un equilibrio exquisito entre simplicidad y sofisticaci\u00f3n, ofreciendo una soluci\u00f3n de comunicaciones todo en uno para los ejecutivos, gerentes y teletrabajadores ocupados de la actualidad.<\/p>\n","protected":false},"excerpt":{"rendered":"<p>El Yealink SIP-T56A es un tel\u00e9fono multimedia inteligente f\u00e1cil de usar que proporciona una experiencia de audio HD enriquecida para profesionales de negocios.<\/p>\n","protected":false},"featured_media":361,"comment_status":"open","ping_status":"closed","template":"","meta":[],"product_cat":[67,69],"product_tag":[],"class_list":{"0":"post-360","1":"product","2":"type-product","3":"status-publish","4":"has-post-thumbnail","6":"product_cat-centrales-asterisk-ip","7":"product_cat-centrales-ip-centrales-asterisk-ip","9":"first","10":"instock","11":"shipping-taxable","12":"product-type-simple"},"_links":{"self":[{"href":"https:\/\/www.invercorpsuarezpe.com\/index.php?rest_route=\/wp\/v2\/product\/360","targetHints":{"allow":["GET"]}}],"collection":[{"href":"https:\/\/www.invercorpsuarezpe.com\/index.php?rest_route=\/wp\/v2\/product"}],"about":[{"href":"https:\/\/www.invercorpsuarezpe.com\/index.php?rest_route=\/wp\/v2\/types\/product"}],"replies":[{"embeddable":true,"href":"https:\/\/www.invercorpsuarezpe.com\/index.php?rest_route=%2Fwp%2Fv2%2Fcomments&post=360"}],"wp:featuredmedia":[{"embeddable":true,"href":"https:\/\/www.invercorpsuarezpe.com\/index.php?rest_route=\/wp\/v2\/media\/361"}],"wp:attachment":[{"href":"https:\/\/www.invercorpsuarezpe.com\/index.php?rest_route=%2Fwp%2Fv2%2Fmedia&parent=360"}],"wp:term":[{"taxonomy":"product_cat","embeddable":true,"href":"https:\/\/www.invercorpsuarezpe.com\/index.php?rest_route=%2Fwp%2Fv2%2Fproduct_cat&post=360"},{"taxonomy":"product_tag","embeddable":true,"href":"https:\/\/www.invercorpsuarezpe.com\/index.php?rest_route=%2Fwp%2Fv2%2Fproduct_tag&post=360"}],"curies":[{"name":"wp","href":"https:\/\/api.w.org\/{rel}","templated":true}]}}