{"id":375,"date":"2021-02-16T01:09:24","date_gmt":"2021-02-16T01:09:24","guid":{"rendered":"http:\/\/www.invercorpsuarezpe.com\/?post_type=product&#038;p=375"},"modified":"2021-03-10T01:10:41","modified_gmt":"2021-03-10T01:10:41","slug":"central-telefonica-yeastar-s100-voip-pbx","status":"publish","type":"product","link":"https:\/\/www.invercorpsuarezpe.com\/?product=central-telefonica-yeastar-s100-voip-pbx","title":{"rendered":"Central Telef\u00f3nica Yeastar S100 VOIP PBX"},"content":{"rendered":"<p>Yeastar S100 es un sistema de comunicaci\u00f3n de negocios rentable con una configuraci\u00f3n b\u00e1sica de 100 usuarios y 30 llamadas simult\u00e1neas y puede escalar hasta 200 usuarios y 60 llamadas simult\u00e1neas. El flexible S100 viene con soporte para puertos anal\u00f3gicos, ISDN BRI,E1 \/ T1 \/ PRI y redes\u00a0<a href=\"https:\/\/sumteccorp.com\/producto\/modulo-gsm\/\">GSM<\/a>.<\/p>\n<div class=\"wpb_text_column wpb_content_element \">\n<div class=\"wpb_wrapper\">\n<p><strong>Sistema Confiable<\/strong><\/p>\n<\/div>\n<\/div>\n<div class=\"wpb_text_column wpb_content_element \">\n<div class=\"wpb_wrapper\">\n<p>Equipado con la \u00faltima tecnolog\u00eda de procesador, la Serie S es un\u00a0<a href=\"https:\/\/sumteccorp.com\/comunicaciones-unificadas-su-empresa\/\">sistema telef\u00f3nico<\/a>\u00a0vale la confianza con uno de los m\u00e1s altos MTBF\u00a0<em>(Mean Time Between Failures)<\/em>\u00a0en la industria. Basado en Asterisk 13, S-Series nace para ser poderoso y constantemente satisfacer sus necesidades.<\/p>\n<p><strong>Dise\u00f1o Modular Flexible<\/strong><\/p>\n<p>Con\u00a0<a href=\"https:\/\/sumteccorp.com\/yeastar\/\">Yeastar<\/a>\u00a0S-Series, todas las interfaces de telefon\u00eda son modulares y personalizables, S100 permite 2 tarjetas de expansi\u00f3n para personalizar puertos FXS, FXO, ISDN BRI, GSM \/ 3G \/ 4G o E1 \/ T1 \/ PR.<\/p>\n<\/div>\n<\/div>\n","protected":false},"excerpt":{"rendered":"<p>Yeastar S100 es un sistema de comunicaci\u00f3n de negocios rentable con una configuraci\u00f3n b\u00e1sica de 100 usuarios y 30 llamadas simult\u00e1neas y puede escalar hasta 200 usuarios y 60 llamadas simult\u00e1neas. El flexible S100 viene con soporte para puertos anal\u00f3gicos, ISDN BRI,E1 \/ T1 \/ PRI y redes\u00a0<a href=\"https:\/\/sumteccorp.com\/producto\/modulo-gsm\/\">GSM<\/a>.<\/p>\n","protected":false},"featured_media":376,"comment_status":"open","ping_status":"closed","template":"","meta":[],"product_cat":[67],"product_tag":[],"class_list":{"0":"post-375","1":"product","2":"type-product","3":"status-publish","4":"has-post-thumbnail","6":"product_cat-centrales-asterisk-ip","8":"first","9":"instock","10":"shipping-taxable","11":"product-type-simple"},"_links":{"self":[{"href":"https:\/\/www.invercorpsuarezpe.com\/index.php?rest_route=\/wp\/v2\/product\/375","targetHints":{"allow":["GET"]}}],"collection":[{"href":"https:\/\/www.invercorpsuarezpe.com\/index.php?rest_route=\/wp\/v2\/product"}],"about":[{"href":"https:\/\/www.invercorpsuarezpe.com\/index.php?rest_route=\/wp\/v2\/types\/product"}],"replies":[{"embeddable":true,"href":"https:\/\/www.invercorpsuarezpe.com\/index.php?rest_route=%2Fwp%2Fv2%2Fcomments&post=375"}],"wp:featuredmedia":[{"embeddable":true,"href":"https:\/\/www.invercorpsuarezpe.com\/index.php?rest_route=\/wp\/v2\/media\/376"}],"wp:attachment":[{"href":"https:\/\/www.invercorpsuarezpe.com\/index.php?rest_route=%2Fwp%2Fv2%2Fmedia&parent=375"}],"wp:term":[{"taxonomy":"product_cat","embeddable":true,"href":"https:\/\/www.invercorpsuarezpe.com\/index.php?rest_route=%2Fwp%2Fv2%2Fproduct_cat&post=375"},{"taxonomy":"product_tag","embeddable":true,"href":"https:\/\/www.invercorpsuarezpe.com\/index.php?rest_route=%2Fwp%2Fv2%2Fproduct_tag&post=375"}],"curies":[{"name":"wp","href":"https:\/\/api.w.org\/{rel}","templated":true}]}}