{"id":639,"date":"2021-02-18T15:29:21","date_gmt":"2021-02-18T15:29:21","guid":{"rendered":"http:\/\/www.invercorpsuarezpe.com\/?post_type=product&#038;p=639"},"modified":"2021-02-18T15:29:21","modified_gmt":"2021-02-18T15:29:21","slug":"ms-len-400-wireless-mouse","status":"publish","type":"product","link":"https:\/\/www.invercorpsuarezpe.com\/?product=ms-len-400-wireless-mouse","title":{"rendered":"MS LEN 400 WIRELESS MOUSE"},"content":{"rendered":"","protected":false},"excerpt":{"rendered":"<p>Mouse Inalambrico Lenovo 400, Resolucion optica 1200dpi, Conexion Wireless via nano USB. Hoy est\u00e1s en la oficina, pero ma\u00f1ana, \u00bfqui\u00e9n sabe? Sin embargo, sin importar d\u00f3nde se encuentre, entonces necesita un mouse en el que pueda confiar: F\u00e1cil de empacar<\/p>\n","protected":false},"featured_media":640,"comment_status":"open","ping_status":"closed","template":"","meta":[],"product_cat":[18,55],"product_tag":[],"class_list":{"0":"post-639","1":"product","2":"type-product","3":"status-publish","4":"has-post-thumbnail","6":"product_cat-suministros-tecnologicos","7":"product_cat-mouse","9":"first","10":"instock","11":"shipping-taxable","12":"product-type-simple"},"_links":{"self":[{"href":"https:\/\/www.invercorpsuarezpe.com\/index.php?rest_route=\/wp\/v2\/product\/639","targetHints":{"allow":["GET"]}}],"collection":[{"href":"https:\/\/www.invercorpsuarezpe.com\/index.php?rest_route=\/wp\/v2\/product"}],"about":[{"href":"https:\/\/www.invercorpsuarezpe.com\/index.php?rest_route=\/wp\/v2\/types\/product"}],"replies":[{"embeddable":true,"href":"https:\/\/www.invercorpsuarezpe.com\/index.php?rest_route=%2Fwp%2Fv2%2Fcomments&post=639"}],"wp:featuredmedia":[{"embeddable":true,"href":"https:\/\/www.invercorpsuarezpe.com\/index.php?rest_route=\/wp\/v2\/media\/640"}],"wp:attachment":[{"href":"https:\/\/www.invercorpsuarezpe.com\/index.php?rest_route=%2Fwp%2Fv2%2Fmedia&parent=639"}],"wp:term":[{"taxonomy":"product_cat","embeddable":true,"href":"https:\/\/www.invercorpsuarezpe.com\/index.php?rest_route=%2Fwp%2Fv2%2Fproduct_cat&post=639"},{"taxonomy":"product_tag","embeddable":true,"href":"https:\/\/www.invercorpsuarezpe.com\/index.php?rest_route=%2Fwp%2Fv2%2Fproduct_tag&post=639"}],"curies":[{"name":"wp","href":"https:\/\/api.w.org\/{rel}","templated":true}]}}